{"id":2393,"date":"2024-01-24T16:50:03","date_gmt":"2024-01-24T16:50:03","guid":{"rendered":"https:\/\/mozambiquelng-dev.5thring.co.uk\/sustentabilidade\/meio-ambiente\/avaliacao-do-impacto-ambiental\/"},"modified":"2024-02-24T14:54:41","modified_gmt":"2024-02-24T14:54:41","slug":"avaliacao-do-impacto-ambiental","status":"publish","type":"page","link":"https:\/\/mozambiquelng-dev.5thring.co.uk\/pt-pt\/sustentabilidade\/meio-ambiente\/avaliacao-do-impacto-ambiental\/","title":{"rendered":"Avalia\u00e7\u00e3o do impacto ambiental"},"content":{"rendered":"\n<div class=\"container mx-auto grid grid-cols-3 gap-x-16 p-6\">\n\n    <div class=\"col-span-3 lg:col-span-2\">\n\n        \n    <h3 class=\"mt-8 mb-4\">Avalia\u00e7\u00e3o do impacto ambiental<\/h3>\n\n<div class=\"copy\">\n    \n    <p>A documenta\u00e7\u00e3o est\u00e1 dispon\u00edvel abaixo.<\/p>\n\n<\/div>\n\n\n    <\/div>\n\n    <div class=\"col-span-3 lg:col-span-1\">\n\n        \n    <\/div>\n\n<\/div>\n<div class=\"container mx-auto p-6\">\n    <div class=\"w-full lg:w-8\/12 flex flex-col items-end\">\n                            \n            <div class=\"accordion-item w-full mb-4 lg:mb-8 border-b-2 border-b-grey3\">\n                <button class=\"acc_title flex flex-row items-center gap-x-2 w-full bg-white text-left mb-4 lg:mb-8\">\n                    <img decoding=\"async\" class=\"acc-icon\" src=\"https:\/\/mozambiquelng-dev.5thring.co.uk\/wp-content\/themes\/twenty-twenty-one-child\/assets\/icons\/plus-icon.svg\" \/>\n                    <h5>VOL. I: INTRODUCAO, DESCRICAO DO PROJECCTO E ESTUDO DE BASE<\/h5>\n                <\/button>\n                <div class=\"panel w-full mb-4 lg:mb-8\">\n\n                    \n    <div class=\"copy\">\n        <p><strong><a href=\"https:\/\/mozambiquelng-dev.5thring.co.uk\/wp-content\/uploads\/2024\/01\/chapter_1-_lng_final_eia_sept_2014_eng.pdf\" target=\"_blank\" rel=\"noopener\">Capitulo 1 &#8211; Introducao<\/a><\/strong><\/p>\n<p><strong><a href=\"https:\/\/mozambiquelng-dev.5thring.co.uk\/wp-content\/uploads\/2024\/01\/chapter_2-_lng_final_eia_sept_2014_eng.pdf\" target=\"_blank\" rel=\"noopener\">Capitulo 2 &#8211; Quadro Regulamentar<\/a><\/strong><\/p>\n<p><strong><a href=\"https:\/\/mozambiquelng-dev.5thring.co.uk\/wp-content\/uploads\/2024\/01\/chapter_3.pdf\" target=\"_blank\" rel=\"noopener\">Capitulo 3 &#8211; Processo, Abordagem e Metodologia da AIA<\/a><\/strong><\/p>\n<p><strong><a href=\"https:\/\/mozambiquelng-dev.5thring.co.uk\/wp-content\/uploads\/2024\/01\/chapter_4-_lng_final_eia_sept_2014_eng.pdf\" target=\"_blank\" rel=\"noopener\">Capitulo 4 &#8211; Descricao do Projecto<\/a><\/strong><\/p>\n<p><strong><a href=\"https:\/\/mozambiquelng-dev.5thring.co.uk\/wp-content\/uploads\/2024\/01\/chapter_5-_lng_final_eia_sept_2014_eng.pdf\" target=\"_blank\" rel=\"noopener\">Capitulo 5 &#8211; Avaliacao de Alternativas<\/a><\/strong><\/p>\n<p><strong><a href=\"https:\/\/mozambiquelng-dev.5thring.co.uk\/wp-content\/uploads\/2024\/01\/chapter_6.pdf\" target=\"_blank\" rel=\"noopener\">Capitulo 6 &#8211; Linha de Base &#8211; Introducao e Contexto Geografico<\/a><\/strong><\/p>\n<p><strong><a href=\"https:\/\/mozambiquelng-dev.5thring.co.uk\/wp-content\/uploads\/2024\/01\/chapter_7.pdf\" target=\"_blank\" rel=\"noopener\">Capitulo 7 &#8211; Linha de Base Ambiental &#8211; no mar e proximo da costa<\/a><\/strong><\/p>\n<p><strong><a href=\"https:\/\/mozambiquelng-dev.5thring.co.uk\/wp-content\/uploads\/2024\/01\/chapter_8-_lng_final_eia_feb_2014_eng.pdf\" target=\"_blank\" rel=\"noopener\">Capitulo 8 &#8211; Linha de Base Ambiental em Terra<\/a><\/strong><\/p>\n<p><strong><a href=\"https:\/\/mozambiquelng-dev.5thring.co.uk\/wp-content\/uploads\/2024\/01\/chapter_9.pdf\" target=\"_blank\" rel=\"noopener\">Capitulo 9 &#8211; Linha de Base Socioeconomica e de Saude Comunitaria<\/a><\/strong><\/p>\n<p><strong><a href=\"https:\/\/mozambiquelng-dev.5thring.co.uk\/wp-content\/uploads\/2024\/01\/Non-Technical-Summary-NTS0-AbbreviationsUnits-Acronyms-and-Glossary.pdf\" target=\"_blank\" rel=\"noopener\">Resumo Nao Tecnico. Abreviaturas Unidades Acronimos e Glossario<\/a><\/strong><\/p>\n<p>&nbsp;<\/p>\n<h4><\/h4>\n    <\/div>\n\n\n                <\/div>\n            <\/div>\n            \n            <div class=\"accordion-item w-full mb-4 lg:mb-8 border-b-2 border-b-grey3\">\n                <button class=\"acc_title flex flex-row items-center gap-x-2 w-full bg-white text-left mb-4 lg:mb-8\">\n                    <img decoding=\"async\" class=\"acc-icon\" src=\"https:\/\/mozambiquelng-dev.5thring.co.uk\/wp-content\/themes\/twenty-twenty-one-child\/assets\/icons\/plus-icon.svg\" \/>\n                    <h5>VOL. II: AVALIACAO DE IMPACTOS, GESTAO, IMPLEMENTACAO E CONCLUSAO<\/h5>\n                <\/button>\n                <div class=\"panel w-full mb-4 lg:mb-8\">\n\n                    \n    <div class=\"copy\">\n        <p><strong><a href=\"https:\/\/mozambiquelng-dev.5thring.co.uk\/wp-content\/uploads\/2024\/01\/chapter_10.pdf\" target=\"_blank\" rel=\"noopener\">Capitulo 10 &#8211; Introducao ao Processo de Avaliacao dos Impactos e Mitigacao<\/a><\/strong><\/p>\n<p><strong><a href=\"https:\/\/mozambiquelng-dev.5thring.co.uk\/wp-content\/uploads\/2024\/01\/chapter_11.pdf\" target=\"_blank\" rel=\"noopener\">Capitulo 11 &#8211; Avaliacao do Impacto Ambiental no Mar e Proximo da Costa<\/a><\/strong><\/p>\n<p><strong><a href=\"https:\/\/mozambiquelng-dev.5thring.co.uk\/wp-content\/uploads\/2024\/01\/chapter_12-_lng_final_eia_sept_2014_eng.pdf\" target=\"_blank\" rel=\"noopener\">Capitulo 12 &#8211; Avaliacao dos Impactos Ambientais em Terra e Mitigacao<\/a><\/strong><\/p>\n<p><strong><a href=\"https:\/\/mozambiquelng-dev.5thring.co.uk\/wp-content\/uploads\/2024\/01\/chapter_13-_lng_final_eia_sept_2014_eng.pdf\" target=\"_blank\" rel=\"noopener\">Capitulo 13 &#8211; Avaliacao dos Impactos Socioeconomicos e Mitigacao<\/a><\/strong><\/p>\n<p><strong><a href=\"https:\/\/mozambiquelng-dev.5thring.co.uk\/wp-content\/uploads\/2024\/01\/chapter_14-_lng_final_eia_sept_2014_eng.pdf\" target=\"_blank\" rel=\"noopener\">Capitulo 14 &#8211; Eventos Nao Planeados<\/a><\/strong><\/p>\n<p><strong><a href=\"https:\/\/mozambiquelng-dev.5thring.co.uk\/wp-content\/uploads\/2024\/01\/chapter_15-_lng_final_eia_sept_2014_eng.pdf\" target=\"_blank\" rel=\"noopener\">Capitulo 15 &#8211; Impactos Cumulativos<\/a><\/strong><\/p>\n<p><strong><a href=\"https:\/\/mozambiquelng-dev.5thring.co.uk\/wp-content\/uploads\/2024\/01\/chapter_16-_lng_final_eia_sept_2014_eng.pdf\" target=\"_blank\" rel=\"noopener\">Capitulo 16 &#8211; Resumo do Processo de Avaliacao do Impacto Ambiental<\/a><\/strong><\/p>\n<p><strong><a href=\"https:\/\/mozambiquelng-dev.5thring.co.uk\/wp-content\/uploads\/2024\/01\/chapter_17.pdf\" target=\"_blank\" rel=\"noopener\">Capitulo 17 &#8211; Sistema de Gestao Ambiental e Social e Plano de Gestao Ambiental e Social<\/a><\/strong><\/p>\n<p><strong><a href=\"https:\/\/mozambiquelng-dev.5thring.co.uk\/wp-content\/uploads\/2024\/01\/chapter_18-_lng_final_eia_sept_2014_eng.pdf\" target=\"_blank\" rel=\"noopener\">Capitulo 18 &#8211; Conclusao<\/a><\/strong><\/p>\n<p><strong><a href=\"https:\/\/mozambiquelng-dev.5thring.co.uk\/wp-content\/uploads\/2024\/01\/chapter_19-_lng_final_eia_sept_2014_eng.pdf\" target=\"_blank\" rel=\"noopener\">Capitulo 19 &#8211; Referencias<\/a><\/strong><\/p>\n    <\/div>\n\n\n                <\/div>\n            <\/div>\n            \n            <div class=\"accordion-item w-full mb-4 lg:mb-8 border-b-2 border-b-grey3\">\n                <button class=\"acc_title flex flex-row items-center gap-x-2 w-full bg-white text-left mb-4 lg:mb-8\">\n                    <img decoding=\"async\" class=\"acc-icon\" src=\"https:\/\/mozambiquelng-dev.5thring.co.uk\/wp-content\/themes\/twenty-twenty-one-child\/assets\/icons\/plus-icon.svg\" \/>\n                    <h5>VOL. III: ANEXOS<\/h5>\n                <\/button>\n                <div class=\"panel w-full mb-4 lg:mb-8\">\n\n                    \n    <div class=\"copy\">\n        <p><strong><a href=\"https:\/\/mozambiquelng-dev.5thring.co.uk\/wp-content\/uploads\/2024\/01\/annex_a_-_lng_final_eia_sept_2014_eng.pdf\" target=\"_blank\" rel=\"noopener\">Anexo A &#8211; Relatorio do Processo de Participacao Publica<\/a><\/strong><\/p>\n<p><strong><a href=\"https:\/\/mozambiquelng-dev.5thring.co.uk\/wp-content\/uploads\/2024\/01\/annex_b_-_lng_final_eia_sept_2014_eng.pdf\" target=\"_blank\" rel=\"noopener\">Anexo B &#8211; Aprovacao pelo MICOA do EPDA e TdR<\/a><\/strong><\/p>\n<p><strong><a href=\"https:\/\/mozambiquelng-dev.5thring.co.uk\/wp-content\/uploads\/2024\/01\/annex_c_-_lng_final_eia_sept_2014_eng.pdf\" target=\"_blank\" rel=\"noopener\">Anexo C &#8211; Metodologias usadas para a Definicao da Linha de Base<\/a><\/strong><\/p>\n<p><strong><a href=\"https:\/\/mozambiquelng-dev.5thring.co.uk\/wp-content\/uploads\/2024\/01\/annex_d_-_lng_final_eia_sept_2014_eng.pdf\" target=\"_blank\" rel=\"noopener\">Anexo D &#8211; Tabela do PGAS<\/a><\/strong><\/p>\n<p><strong><a href=\"https:\/\/mozambiquelng-dev.5thring.co.uk\/wp-content\/uploads\/2024\/01\/annex_e_-_lng_final_eia_sept_2014_eng.pdf\" target=\"_blank\" rel=\"noopener\">Anexo E &#8211; Plano de Gestao de Residuos<\/a><\/strong><\/p>\n<p><strong><a href=\"https:\/\/mozambiquelng-dev.5thring.co.uk\/wp-content\/uploads\/2024\/01\/annex_f.pdf\" target=\"_blank\" rel=\"noopener\">Anexo F &#8211; Plano de Desmobilizacao e Reabilitacao<\/a><\/strong><\/p>\n<p><strong><a href=\"https:\/\/mozambiquelng-dev.5thring.co.uk\/wp-content\/uploads\/2024\/01\/annex_g_-_lng_final_eia_sept_2014_eng.pdf\" target=\"_blank\" rel=\"noopener\">Anexo G &#8211; Material de Apoio a Definicao da Linha de Base<\/a><\/strong><\/p>\n<p><strong><a href=\"https:\/\/mozambiquelng-dev.5thring.co.uk\/wp-content\/uploads\/2024\/01\/annex_h_-_lng_final_eia_sept_2014_eng.pdf\" target=\"_blank\" rel=\"noopener\">Anexo H &#8211; Plano de Resposta a Emergencias<\/a><\/strong><\/p>\n<p><strong><a href=\"https:\/\/mozambiquelng-dev.5thring.co.uk\/wp-content\/uploads\/2024\/01\/annex_i_-_lng_final_eia_sept_2014_eng.pdf\" target=\"_blank\" rel=\"noopener\">Anexo I &#8211; Plano Inicial de Reassentamento<\/a><\/strong><\/p>\n    <\/div>\n\n\n                <\/div>\n            <\/div>\n                                <\/div>\n<\/div>","protected":false},"excerpt":{"rendered":"","protected":false},"author":6,"featured_media":3718,"parent":2385,"menu_order":0,"comment_status":"closed","ping_status":"closed","template":"","meta":{"_acf_changed":false,"footnotes":""},"class_list":["post-2393","page","type-page","status-publish","has-post-thumbnail","hentry"],"acf":[],"yoast_head":"<!-- This site is optimized with the Yoast SEO plugin v25.3.1 - https:\/\/yoast.com\/wordpress\/plugins\/seo\/ -->\n<title>Avalia\u00e7\u00e3o do impacto ambiental - Mozambique LNG<\/title>\n<meta name=\"robots\" content=\"noindex, follow, max-snippet:-1, max-image-preview:large, max-video-preview:-1\" \/>\n<meta property=\"og:locale\" content=\"pt_PT\" \/>\n<meta property=\"og:type\" content=\"article\" \/>\n<meta property=\"og:title\" content=\"Avalia\u00e7\u00e3o do impacto ambiental - Mozambique LNG\" \/>\n<meta property=\"og:url\" content=\"https:\/\/mozambiquelng-dev.5thring.co.uk\/pt-pt\/sustentabilidade\/meio-ambiente\/avaliacao-do-impacto-ambiental\/\" \/>\n<meta property=\"og:site_name\" content=\"Mozambique LNG\" \/>\n<meta property=\"article:modified_time\" content=\"2024-02-24T14:54:41+00:00\" \/>\n<meta property=\"og:image\" content=\"https:\/\/mozambiquelng-dev.5thring.co.uk\/wp-content\/uploads\/2024\/02\/Environment_hero.webp\" \/>\n\t<meta property=\"og:image:width\" content=\"1700\" \/>\n\t<meta property=\"og:image:height\" content=\"550\" \/>\n\t<meta property=\"og:image:type\" content=\"image\/webp\" \/>\n<meta name=\"twitter:card\" content=\"summary_large_image\" \/>\n<script type=\"application\/ld+json\" class=\"yoast-schema-graph\">{\"@context\":\"https:\/\/schema.org\",\"@graph\":[{\"@type\":\"WebPage\",\"@id\":\"https:\/\/mozambiquelng-dev.5thring.co.uk\/pt-pt\/sustentabilidade\/meio-ambiente\/avaliacao-do-impacto-ambiental\/\",\"url\":\"https:\/\/mozambiquelng-dev.5thring.co.uk\/pt-pt\/sustentabilidade\/meio-ambiente\/avaliacao-do-impacto-ambiental\/\",\"name\":\"Avalia\u00e7\u00e3o do impacto ambiental - Mozambique LNG\",\"isPartOf\":{\"@id\":\"https:\/\/mozambiquelng-dev.5thring.co.uk\/pt-pt\/#website\"},\"primaryImageOfPage\":{\"@id\":\"https:\/\/mozambiquelng-dev.5thring.co.uk\/pt-pt\/sustentabilidade\/meio-ambiente\/avaliacao-do-impacto-ambiental\/#primaryimage\"},\"image\":{\"@id\":\"https:\/\/mozambiquelng-dev.5thring.co.uk\/pt-pt\/sustentabilidade\/meio-ambiente\/avaliacao-do-impacto-ambiental\/#primaryimage\"},\"thumbnailUrl\":\"https:\/\/mozambiquelng-dev.5thring.co.uk\/wp-content\/uploads\/2024\/02\/Environment_hero.webp\",\"datePublished\":\"2024-01-24T16:50:03+00:00\",\"dateModified\":\"2024-02-24T14:54:41+00:00\",\"breadcrumb\":{\"@id\":\"https:\/\/mozambiquelng-dev.5thring.co.uk\/pt-pt\/sustentabilidade\/meio-ambiente\/avaliacao-do-impacto-ambiental\/#breadcrumb\"},\"inLanguage\":\"pt-PT\",\"potentialAction\":[{\"@type\":\"ReadAction\",\"target\":[\"https:\/\/mozambiquelng-dev.5thring.co.uk\/pt-pt\/sustentabilidade\/meio-ambiente\/avaliacao-do-impacto-ambiental\/\"]}]},{\"@type\":\"ImageObject\",\"inLanguage\":\"pt-PT\",\"@id\":\"https:\/\/mozambiquelng-dev.5thring.co.uk\/pt-pt\/sustentabilidade\/meio-ambiente\/avaliacao-do-impacto-ambiental\/#primaryimage\",\"url\":\"https:\/\/mozambiquelng-dev.5thring.co.uk\/wp-content\/uploads\/2024\/02\/Environment_hero.webp\",\"contentUrl\":\"https:\/\/mozambiquelng-dev.5thring.co.uk\/wp-content\/uploads\/2024\/02\/Environment_hero.webp\",\"width\":1700,\"height\":550,\"caption\":\"Meio Ambiente\"},{\"@type\":\"BreadcrumbList\",\"@id\":\"https:\/\/mozambiquelng-dev.5thring.co.uk\/pt-pt\/sustentabilidade\/meio-ambiente\/avaliacao-do-impacto-ambiental\/#breadcrumb\",\"itemListElement\":[{\"@type\":\"ListItem\",\"position\":1,\"name\":\"Home\",\"item\":\"https:\/\/mozambiquelng-dev.5thring.co.uk\/pt-pt\/\"},{\"@type\":\"ListItem\",\"position\":2,\"name\":\"Sustentabilidade\",\"item\":\"https:\/\/mozambiquelng-dev.5thring.co.uk\/pt-pt\/sustentabilidade\/\"},{\"@type\":\"ListItem\",\"position\":3,\"name\":\"Meio Ambiente\",\"item\":\"https:\/\/mozambiquelng-dev.5thring.co.uk\/pt-pt\/sustentabilidade\/meio-ambiente\/\"},{\"@type\":\"ListItem\",\"position\":4,\"name\":\"Avalia\u00e7\u00e3o do impacto ambiental\"}]},{\"@type\":\"WebSite\",\"@id\":\"https:\/\/mozambiquelng-dev.5thring.co.uk\/pt-pt\/#website\",\"url\":\"https:\/\/mozambiquelng-dev.5thring.co.uk\/pt-pt\/\",\"name\":\"Mozambique LNG\",\"description\":\"\",\"potentialAction\":[{\"@type\":\"SearchAction\",\"target\":{\"@type\":\"EntryPoint\",\"urlTemplate\":\"https:\/\/mozambiquelng-dev.5thring.co.uk\/pt-pt\/?s={search_term_string}\"},\"query-input\":{\"@type\":\"PropertyValueSpecification\",\"valueRequired\":true,\"valueName\":\"search_term_string\"}}],\"inLanguage\":\"pt-PT\"}]}<\/script>\n<!-- \/ Yoast SEO plugin. -->","yoast_head_json":{"title":"Avalia\u00e7\u00e3o do impacto ambiental - Mozambique LNG","robots":{"index":"noindex","follow":"follow","max-snippet":"max-snippet:-1","max-image-preview":"max-image-preview:large","max-video-preview":"max-video-preview:-1"},"og_locale":"pt_PT","og_type":"article","og_title":"Avalia\u00e7\u00e3o do impacto ambiental - Mozambique LNG","og_url":"https:\/\/mozambiquelng-dev.5thring.co.uk\/pt-pt\/sustentabilidade\/meio-ambiente\/avaliacao-do-impacto-ambiental\/","og_site_name":"Mozambique LNG","article_modified_time":"2024-02-24T14:54:41+00:00","og_image":[{"width":1700,"height":550,"url":"https:\/\/mozambiquelng-dev.5thring.co.uk\/wp-content\/uploads\/2024\/02\/Environment_hero.webp","type":"image\/webp"}],"twitter_card":"summary_large_image","schema":{"@context":"https:\/\/schema.org","@graph":[{"@type":"WebPage","@id":"https:\/\/mozambiquelng-dev.5thring.co.uk\/pt-pt\/sustentabilidade\/meio-ambiente\/avaliacao-do-impacto-ambiental\/","url":"https:\/\/mozambiquelng-dev.5thring.co.uk\/pt-pt\/sustentabilidade\/meio-ambiente\/avaliacao-do-impacto-ambiental\/","name":"Avalia\u00e7\u00e3o do impacto ambiental - Mozambique LNG","isPartOf":{"@id":"https:\/\/mozambiquelng-dev.5thring.co.uk\/pt-pt\/#website"},"primaryImageOfPage":{"@id":"https:\/\/mozambiquelng-dev.5thring.co.uk\/pt-pt\/sustentabilidade\/meio-ambiente\/avaliacao-do-impacto-ambiental\/#primaryimage"},"image":{"@id":"https:\/\/mozambiquelng-dev.5thring.co.uk\/pt-pt\/sustentabilidade\/meio-ambiente\/avaliacao-do-impacto-ambiental\/#primaryimage"},"thumbnailUrl":"https:\/\/mozambiquelng-dev.5thring.co.uk\/wp-content\/uploads\/2024\/02\/Environment_hero.webp","datePublished":"2024-01-24T16:50:03+00:00","dateModified":"2024-02-24T14:54:41+00:00","breadcrumb":{"@id":"https:\/\/mozambiquelng-dev.5thring.co.uk\/pt-pt\/sustentabilidade\/meio-ambiente\/avaliacao-do-impacto-ambiental\/#breadcrumb"},"inLanguage":"pt-PT","potentialAction":[{"@type":"ReadAction","target":["https:\/\/mozambiquelng-dev.5thring.co.uk\/pt-pt\/sustentabilidade\/meio-ambiente\/avaliacao-do-impacto-ambiental\/"]}]},{"@type":"ImageObject","inLanguage":"pt-PT","@id":"https:\/\/mozambiquelng-dev.5thring.co.uk\/pt-pt\/sustentabilidade\/meio-ambiente\/avaliacao-do-impacto-ambiental\/#primaryimage","url":"https:\/\/mozambiquelng-dev.5thring.co.uk\/wp-content\/uploads\/2024\/02\/Environment_hero.webp","contentUrl":"https:\/\/mozambiquelng-dev.5thring.co.uk\/wp-content\/uploads\/2024\/02\/Environment_hero.webp","width":1700,"height":550,"caption":"Meio Ambiente"},{"@type":"BreadcrumbList","@id":"https:\/\/mozambiquelng-dev.5thring.co.uk\/pt-pt\/sustentabilidade\/meio-ambiente\/avaliacao-do-impacto-ambiental\/#breadcrumb","itemListElement":[{"@type":"ListItem","position":1,"name":"Home","item":"https:\/\/mozambiquelng-dev.5thring.co.uk\/pt-pt\/"},{"@type":"ListItem","position":2,"name":"Sustentabilidade","item":"https:\/\/mozambiquelng-dev.5thring.co.uk\/pt-pt\/sustentabilidade\/"},{"@type":"ListItem","position":3,"name":"Meio Ambiente","item":"https:\/\/mozambiquelng-dev.5thring.co.uk\/pt-pt\/sustentabilidade\/meio-ambiente\/"},{"@type":"ListItem","position":4,"name":"Avalia\u00e7\u00e3o do impacto ambiental"}]},{"@type":"WebSite","@id":"https:\/\/mozambiquelng-dev.5thring.co.uk\/pt-pt\/#website","url":"https:\/\/mozambiquelng-dev.5thring.co.uk\/pt-pt\/","name":"Mozambique LNG","description":"","potentialAction":[{"@type":"SearchAction","target":{"@type":"EntryPoint","urlTemplate":"https:\/\/mozambiquelng-dev.5thring.co.uk\/pt-pt\/?s={search_term_string}"},"query-input":{"@type":"PropertyValueSpecification","valueRequired":true,"valueName":"search_term_string"}}],"inLanguage":"pt-PT"}]}},"_links":{"self":[{"href":"https:\/\/mozambiquelng-dev.5thring.co.uk\/pt-pt\/wp-json\/wp\/v2\/pages\/2393","targetHints":{"allow":["GET"]}}],"collection":[{"href":"https:\/\/mozambiquelng-dev.5thring.co.uk\/pt-pt\/wp-json\/wp\/v2\/pages"}],"about":[{"href":"https:\/\/mozambiquelng-dev.5thring.co.uk\/pt-pt\/wp-json\/wp\/v2\/types\/page"}],"author":[{"embeddable":true,"href":"https:\/\/mozambiquelng-dev.5thring.co.uk\/pt-pt\/wp-json\/wp\/v2\/users\/6"}],"replies":[{"embeddable":true,"href":"https:\/\/mozambiquelng-dev.5thring.co.uk\/pt-pt\/wp-json\/wp\/v2\/comments?post=2393"}],"version-history":[{"count":2,"href":"https:\/\/mozambiquelng-dev.5thring.co.uk\/pt-pt\/wp-json\/wp\/v2\/pages\/2393\/revisions"}],"predecessor-version":[{"id":3168,"href":"https:\/\/mozambiquelng-dev.5thring.co.uk\/pt-pt\/wp-json\/wp\/v2\/pages\/2393\/revisions\/3168"}],"up":[{"embeddable":true,"href":"https:\/\/mozambiquelng-dev.5thring.co.uk\/pt-pt\/wp-json\/wp\/v2\/pages\/2385"}],"wp:featuredmedia":[{"embeddable":true,"href":"https:\/\/mozambiquelng-dev.5thring.co.uk\/pt-pt\/wp-json\/wp\/v2\/media\/3718"}],"wp:attachment":[{"href":"https:\/\/mozambiquelng-dev.5thring.co.uk\/pt-pt\/wp-json\/wp\/v2\/media?parent=2393"}],"curies":[{"name":"wp","href":"https:\/\/api.w.org\/{rel}","templated":true}]}}