{"id":2457,"date":"2024-01-27T17:23:34","date_gmt":"2024-01-27T17:23:34","guid":{"rendered":"https:\/\/mozambiquelng-dev.5thring.co.uk\/oportunidades\/fornecedores\/"},"modified":"2024-02-23T05:58:31","modified_gmt":"2024-02-23T05:58:31","slug":"fornecedores","status":"publish","type":"page","link":"https:\/\/mozambiquelng-dev.5thring.co.uk\/pt-pt\/oportunidades\/fornecedores\/","title":{"rendered":"Fornecedores"},"content":{"rendered":"\n<div class=\"container mx-auto grid grid-cols-3 gap-x-16 p-6\">\n\n    <div class=\"col-span-3 lg:col-span-2\">\n\n        \n    <h2 class=\"mt-8 mb-4\">Registo de fornecedores da TotalEnergies<\/h2>\n\n<div class=\"copy\">\n    \n    <p>O primeiro passo para os fornecedores que desejam fazer neg\u00f3cios com o Projecto Mozambique LNG liderado pela TotalEnergies \u00e9 registar-se no Sistema de Registo de Fornecedores da TotalEnergies, atrav\u00e9s do link nesta p\u00e1gina.<\/p>\n<p>Fornecido por Aquiles, o sistema ir\u00e1:<\/p>\n<ul>\n<li>permitir que os fornecedores <strong>criem um registo de informa\u00e7\u00f5es<\/strong> b\u00e1sicas da empresa com detalhes de produtos e servi\u00e7os<\/li>\n<li>ornecer aos fornecedores informa\u00e7\u00f5es sobre as <strong>pr\u00f3ximas oportunidades de contrato<\/strong><\/li>\n<li>fornecer \u00e0 TotalEnergies melhores informa\u00e7\u00f5es sobre os mercados e as potencialidades dos fornecedores<\/li>\n<li>aumentar a transpar\u00eancia, aumentar a concorr\u00eancia e reduzir a duplica\u00e7\u00e3o para a TotalEnergies e os fornecedores<\/li>\n<\/ul>\n<p>O registo \u00e9 um requisito obrigat\u00f3rio para se tornar um potencial fornecedor de bens e servi\u00e7os para o Projecto Mozambique LNG liderado pela TotalEnergies. \u00c9 gratuito o registo no sistema da TotalEnergies.<\/p>\n<p>Como parte do registo, os fornecedores dever\u00e3o se informar das nossas directizes anticorrup\u00e7\u00e3o.<\/p>\n<p>Os fornecedores interessados dever\u00e3o tamb\u00e9m reagir aos <strong>An\u00fancios de \u201cManifesta\u00e7\u00e3o de Interesse\u201d (EOI, sigla em l\u00edngua inglesa)<\/strong> publicados pela TotalEnergies EP Mo\u00e7ambique \u00c1rea 1, Lda., no jornal Not\u00edcias. Estes s\u00e3o igualmente publicados nesta p\u00e1gina. A MdI exigir\u00e1 que os fornecedores interessados se registem no Sistema de Registo de Fornecedores da TotalEnergies, caso n\u00e3o estejam ainda registados, evitando assim a duplica\u00e7\u00e3o no fornecimento de informa\u00e7\u00f5es. \u00c9 claro que os fornecedores devem garantir que os respectivos registos sejam actualizados.<\/p>\n\n<\/div>\n\n\n    <\/div>\n\n    <div class=\"col-span-3 lg:col-span-1\">\n\n        \n    <\/div>\n\n<\/div>\n\n\n\n\n<div class=\"container mx-auto p-6\">\n\n    <div class=\"grid grid-cols-12 gap-4 bg-grey5 overflow-hidden rounded-2xl\">\n\n                                <div class=\"col-span-12 lg:col-span-3 lg:order-first bg-cover bg-center pb-16\/9\" style=\"background-image: url(https:\/\/mozambiquelng-dev.5thring.co.uk\/wp-content\/uploads\/2024\/02\/SUPPLIERS-TotalEnergiesImagePortfolio46_teaser-750x421.webp);\"><\/div>\n        \n            <div class=\"flex flex-col col-span-12 lg:col-span-9 p-8\">\n\n                                    <h4 class=\"mb-4\">Sistema Achilles em manuten\u00e7\u00e3o<\/h4>\n                \n                                    <div class=\"copy grow\">\n                        <p>Note-se que o sistema Achilles est\u00e1 atualmente em manuten\u00e7\u00e3o e n\u00e3o podemos receber inscri\u00e7\u00f5es. Por favor, verifique novamente em breve.<\/p>\n                    <\/div>\n                \n                \n            <\/div>\n\n    <\/div>\n\n<\/div>\n<div class=\"bg-white\">\n\n    <div class=\"container mx-auto px-6 py-12\">\n\n    \n        <div class=\"grid lg:grid-cols-3 gap-8\">\n\n            \n\n\n    <a class=\"flex flex-col bg-grey5 overflow-hidden mb-4 rounded-2xl\" href=\"https:\/\/mozambiquelng-dev.5thring.co.uk\/wp-content\/uploads\/2024\/02\/fundamental_principles_of_purchasing.pdf\" target=\"_blank\">\n        <div class=\"flex flex-col grow\">\n                        <div class=\"flex flex-col grow items-end p-6\">\n                <div class=\"flex place-self-start flex-col grow\"> \n                    <p class=\"text-s2 text-blue\"><\/p>\n                    <h5 class=\"my-4 font-medium\">Fundamentais<\/h5>\n                    <p class=\"text-body2\">de Aquisi\u00e7\u00f5es da TotalEnergies (PDF)\n<\/p>\n                <\/div>\n                                    <button class=\"cta-btn text-s2 text-blue\">Download PDF<\/button>\n                            <\/div>\n    <\/div>\n    <\/a>\n\n\n\n\n    <a class=\"flex flex-col bg-grey5 overflow-hidden mb-4 rounded-2xl\" href=\"https:\/\/mozambiquelng-dev.5thring.co.uk\/wp-content\/uploads\/2024\/02\/total_code_of_conduct_va_0.pdf\" target=\"_blank\">\n        <div class=\"flex flex-col grow\">\n                        <div class=\"flex flex-col grow items-end p-6\">\n                <div class=\"flex place-self-start flex-col grow\"> \n                    <p class=\"text-s2 text-blue\"><\/p>\n                    <h5 class=\"my-4 font-medium\">C\u00f3digo de Conduta<\/h5>\n                    <p class=\"text-body2\">da TotalEnergies (PDF)<\/p>\n                <\/div>\n                                    <button class=\"cta-btn text-s2 text-blue\">Download PDF<\/button>\n                            <\/div>\n    <\/div>\n    <\/a>\n\n\n        <\/div>\n    \n    <\/div>\n\n<\/div>","protected":false},"excerpt":{"rendered":"","protected":false},"author":6,"featured_media":3618,"parent":2443,"menu_order":1,"comment_status":"closed","ping_status":"closed","template":"","meta":{"_acf_changed":false,"footnotes":""},"class_list":["post-2457","page","type-page","status-publish","has-post-thumbnail","hentry"],"acf":[],"yoast_head":"<!-- This site is optimized with the Yoast SEO plugin v25.3.1 - https:\/\/yoast.com\/wordpress\/plugins\/seo\/ -->\n<title>Fornecedores - Mozambique LNG<\/title>\n<meta name=\"robots\" content=\"noindex, follow, max-snippet:-1, max-image-preview:large, max-video-preview:-1\" \/>\n<meta property=\"og:locale\" content=\"pt_PT\" \/>\n<meta property=\"og:type\" content=\"article\" \/>\n<meta property=\"og:title\" content=\"Fornecedores - Mozambique LNG\" \/>\n<meta property=\"og:url\" content=\"https:\/\/mozambiquelng-dev.5thring.co.uk\/pt-pt\/oportunidades\/fornecedores\/\" \/>\n<meta property=\"og:site_name\" content=\"Mozambique LNG\" \/>\n<meta property=\"article:modified_time\" content=\"2024-02-23T05:58:31+00:00\" \/>\n<meta property=\"og:image\" content=\"https:\/\/mozambiquelng-dev.5thring.co.uk\/wp-content\/uploads\/2024\/02\/SUPPLIERS-TotalEnergiesImagePortfolio46_hero.webp\" \/>\n\t<meta property=\"og:image:width\" content=\"1700\" \/>\n\t<meta property=\"og:image:height\" content=\"550\" \/>\n\t<meta property=\"og:image:type\" content=\"image\/webp\" \/>\n<meta name=\"twitter:card\" content=\"summary_large_image\" \/>\n<script type=\"application\/ld+json\" class=\"yoast-schema-graph\">{\"@context\":\"https:\/\/schema.org\",\"@graph\":[{\"@type\":\"WebPage\",\"@id\":\"https:\/\/mozambiquelng-dev.5thring.co.uk\/pt-pt\/oportunidades\/fornecedores\/\",\"url\":\"https:\/\/mozambiquelng-dev.5thring.co.uk\/pt-pt\/oportunidades\/fornecedores\/\",\"name\":\"Fornecedores - Mozambique LNG\",\"isPartOf\":{\"@id\":\"https:\/\/mozambiquelng-dev.5thring.co.uk\/pt-pt\/#website\"},\"primaryImageOfPage\":{\"@id\":\"https:\/\/mozambiquelng-dev.5thring.co.uk\/pt-pt\/oportunidades\/fornecedores\/#primaryimage\"},\"image\":{\"@id\":\"https:\/\/mozambiquelng-dev.5thring.co.uk\/pt-pt\/oportunidades\/fornecedores\/#primaryimage\"},\"thumbnailUrl\":\"https:\/\/mozambiquelng-dev.5thring.co.uk\/wp-content\/uploads\/2024\/02\/SUPPLIERS-TotalEnergiesImagePortfolio46_hero.webp\",\"datePublished\":\"2024-01-27T17:23:34+00:00\",\"dateModified\":\"2024-02-23T05:58:31+00:00\",\"breadcrumb\":{\"@id\":\"https:\/\/mozambiquelng-dev.5thring.co.uk\/pt-pt\/oportunidades\/fornecedores\/#breadcrumb\"},\"inLanguage\":\"pt-PT\",\"potentialAction\":[{\"@type\":\"ReadAction\",\"target\":[\"https:\/\/mozambiquelng-dev.5thring.co.uk\/pt-pt\/oportunidades\/fornecedores\/\"]}]},{\"@type\":\"ImageObject\",\"inLanguage\":\"pt-PT\",\"@id\":\"https:\/\/mozambiquelng-dev.5thring.co.uk\/pt-pt\/oportunidades\/fornecedores\/#primaryimage\",\"url\":\"https:\/\/mozambiquelng-dev.5thring.co.uk\/wp-content\/uploads\/2024\/02\/SUPPLIERS-TotalEnergiesImagePortfolio46_hero.webp\",\"contentUrl\":\"https:\/\/mozambiquelng-dev.5thring.co.uk\/wp-content\/uploads\/2024\/02\/SUPPLIERS-TotalEnergiesImagePortfolio46_hero.webp\",\"width\":1700,\"height\":550,\"caption\":\"Fornecedores da TotalEnergies\"},{\"@type\":\"BreadcrumbList\",\"@id\":\"https:\/\/mozambiquelng-dev.5thring.co.uk\/pt-pt\/oportunidades\/fornecedores\/#breadcrumb\",\"itemListElement\":[{\"@type\":\"ListItem\",\"position\":1,\"name\":\"Home\",\"item\":\"https:\/\/mozambiquelng-dev.5thring.co.uk\/pt-pt\/\"},{\"@type\":\"ListItem\",\"position\":2,\"name\":\"Oportunidades\",\"item\":\"https:\/\/mozambiquelng-dev.5thring.co.uk\/pt-pt\/oportunidades\/\"},{\"@type\":\"ListItem\",\"position\":3,\"name\":\"Fornecedores\"}]},{\"@type\":\"WebSite\",\"@id\":\"https:\/\/mozambiquelng-dev.5thring.co.uk\/pt-pt\/#website\",\"url\":\"https:\/\/mozambiquelng-dev.5thring.co.uk\/pt-pt\/\",\"name\":\"Mozambique LNG\",\"description\":\"\",\"potentialAction\":[{\"@type\":\"SearchAction\",\"target\":{\"@type\":\"EntryPoint\",\"urlTemplate\":\"https:\/\/mozambiquelng-dev.5thring.co.uk\/pt-pt\/?s={search_term_string}\"},\"query-input\":{\"@type\":\"PropertyValueSpecification\",\"valueRequired\":true,\"valueName\":\"search_term_string\"}}],\"inLanguage\":\"pt-PT\"}]}<\/script>\n<!-- \/ Yoast SEO plugin. -->","yoast_head_json":{"title":"Fornecedores - Mozambique LNG","robots":{"index":"noindex","follow":"follow","max-snippet":"max-snippet:-1","max-image-preview":"max-image-preview:large","max-video-preview":"max-video-preview:-1"},"og_locale":"pt_PT","og_type":"article","og_title":"Fornecedores - Mozambique LNG","og_url":"https:\/\/mozambiquelng-dev.5thring.co.uk\/pt-pt\/oportunidades\/fornecedores\/","og_site_name":"Mozambique LNG","article_modified_time":"2024-02-23T05:58:31+00:00","og_image":[{"width":1700,"height":550,"url":"https:\/\/mozambiquelng-dev.5thring.co.uk\/wp-content\/uploads\/2024\/02\/SUPPLIERS-TotalEnergiesImagePortfolio46_hero.webp","type":"image\/webp"}],"twitter_card":"summary_large_image","schema":{"@context":"https:\/\/schema.org","@graph":[{"@type":"WebPage","@id":"https:\/\/mozambiquelng-dev.5thring.co.uk\/pt-pt\/oportunidades\/fornecedores\/","url":"https:\/\/mozambiquelng-dev.5thring.co.uk\/pt-pt\/oportunidades\/fornecedores\/","name":"Fornecedores - Mozambique LNG","isPartOf":{"@id":"https:\/\/mozambiquelng-dev.5thring.co.uk\/pt-pt\/#website"},"primaryImageOfPage":{"@id":"https:\/\/mozambiquelng-dev.5thring.co.uk\/pt-pt\/oportunidades\/fornecedores\/#primaryimage"},"image":{"@id":"https:\/\/mozambiquelng-dev.5thring.co.uk\/pt-pt\/oportunidades\/fornecedores\/#primaryimage"},"thumbnailUrl":"https:\/\/mozambiquelng-dev.5thring.co.uk\/wp-content\/uploads\/2024\/02\/SUPPLIERS-TotalEnergiesImagePortfolio46_hero.webp","datePublished":"2024-01-27T17:23:34+00:00","dateModified":"2024-02-23T05:58:31+00:00","breadcrumb":{"@id":"https:\/\/mozambiquelng-dev.5thring.co.uk\/pt-pt\/oportunidades\/fornecedores\/#breadcrumb"},"inLanguage":"pt-PT","potentialAction":[{"@type":"ReadAction","target":["https:\/\/mozambiquelng-dev.5thring.co.uk\/pt-pt\/oportunidades\/fornecedores\/"]}]},{"@type":"ImageObject","inLanguage":"pt-PT","@id":"https:\/\/mozambiquelng-dev.5thring.co.uk\/pt-pt\/oportunidades\/fornecedores\/#primaryimage","url":"https:\/\/mozambiquelng-dev.5thring.co.uk\/wp-content\/uploads\/2024\/02\/SUPPLIERS-TotalEnergiesImagePortfolio46_hero.webp","contentUrl":"https:\/\/mozambiquelng-dev.5thring.co.uk\/wp-content\/uploads\/2024\/02\/SUPPLIERS-TotalEnergiesImagePortfolio46_hero.webp","width":1700,"height":550,"caption":"Fornecedores da TotalEnergies"},{"@type":"BreadcrumbList","@id":"https:\/\/mozambiquelng-dev.5thring.co.uk\/pt-pt\/oportunidades\/fornecedores\/#breadcrumb","itemListElement":[{"@type":"ListItem","position":1,"name":"Home","item":"https:\/\/mozambiquelng-dev.5thring.co.uk\/pt-pt\/"},{"@type":"ListItem","position":2,"name":"Oportunidades","item":"https:\/\/mozambiquelng-dev.5thring.co.uk\/pt-pt\/oportunidades\/"},{"@type":"ListItem","position":3,"name":"Fornecedores"}]},{"@type":"WebSite","@id":"https:\/\/mozambiquelng-dev.5thring.co.uk\/pt-pt\/#website","url":"https:\/\/mozambiquelng-dev.5thring.co.uk\/pt-pt\/","name":"Mozambique LNG","description":"","potentialAction":[{"@type":"SearchAction","target":{"@type":"EntryPoint","urlTemplate":"https:\/\/mozambiquelng-dev.5thring.co.uk\/pt-pt\/?s={search_term_string}"},"query-input":{"@type":"PropertyValueSpecification","valueRequired":true,"valueName":"search_term_string"}}],"inLanguage":"pt-PT"}]}},"_links":{"self":[{"href":"https:\/\/mozambiquelng-dev.5thring.co.uk\/pt-pt\/wp-json\/wp\/v2\/pages\/2457","targetHints":{"allow":["GET"]}}],"collection":[{"href":"https:\/\/mozambiquelng-dev.5thring.co.uk\/pt-pt\/wp-json\/wp\/v2\/pages"}],"about":[{"href":"https:\/\/mozambiquelng-dev.5thring.co.uk\/pt-pt\/wp-json\/wp\/v2\/types\/page"}],"author":[{"embeddable":true,"href":"https:\/\/mozambiquelng-dev.5thring.co.uk\/pt-pt\/wp-json\/wp\/v2\/users\/6"}],"replies":[{"embeddable":true,"href":"https:\/\/mozambiquelng-dev.5thring.co.uk\/pt-pt\/wp-json\/wp\/v2\/comments?post=2457"}],"version-history":[{"count":2,"href":"https:\/\/mozambiquelng-dev.5thring.co.uk\/pt-pt\/wp-json\/wp\/v2\/pages\/2457\/revisions"}],"predecessor-version":[{"id":3694,"href":"https:\/\/mozambiquelng-dev.5thring.co.uk\/pt-pt\/wp-json\/wp\/v2\/pages\/2457\/revisions\/3694"}],"up":[{"embeddable":true,"href":"https:\/\/mozambiquelng-dev.5thring.co.uk\/pt-pt\/wp-json\/wp\/v2\/pages\/2443"}],"wp:featuredmedia":[{"embeddable":true,"href":"https:\/\/mozambiquelng-dev.5thring.co.uk\/pt-pt\/wp-json\/wp\/v2\/media\/3618"}],"wp:attachment":[{"href":"https:\/\/mozambiquelng-dev.5thring.co.uk\/pt-pt\/wp-json\/wp\/v2\/media?parent=2457"}],"curies":[{"name":"wp","href":"https:\/\/api.w.org\/{rel}","templated":true}]}}